{"id":2854,"date":"2023-04-02T17:58:24","date_gmt":"2023-04-02T17:58:24","guid":{"rendered":"https:\/\/marinsa.isalmostready.com\/politica-de-accesibilidad\/"},"modified":"2023-05-10T00:31:35","modified_gmt":"2023-05-10T00:31:35","slug":"politica-de-accesibilidad","status":"publish","type":"page","link":"https:\/\/www.marinsa.com\/es\/politica-de-accesibilidad\/","title":{"rendered":"Pol\u00edtica de accesibilidad"},"content":{"rendered":"<h2>Pol\u00edtica de cookies<\/h2>\n<p>Utilizamos cookies para ayudar a mejorar su experiencia en nuestro sitio web <a href=\"https:\/\/www.marinsa.com\/\">https:\/\/www.marinsa.com\/.<\/a> Esta pol\u00edtica de cookies forma parte de la pol\u00edtica de privacidad de Marinsa International, Inc. Cubre el uso de cookies entre su dispositivo y nuestro sitio.  <\/p>\n<p>Tambi\u00e9n proporcionamos informaci\u00f3n b\u00e1sica sobre los servicios de terceros que podemos utilizar, que tambi\u00e9n pueden utilizar cookies como parte de su servicio. Esta pol\u00edtica no cubre sus cookies.  <\/p>\n<p>Si no desea aceptar nuestras cookies, debe configurar su navegador para que rechace las cookies de <a href=\"https:\/\/www.marinsa.com\/\">https:\/\/www.marinsa.com\/.<\/a> En tal caso, es posible que no podamos ofrecerle algunos de los contenidos y servicios que desea.  <\/p>\n<h3>\u00bfQu\u00e9 es una galleta?<\/h3>\n<p>Una cookie es un peque\u00f1o fragmento de datos que un sitio web almacena en su dispositivo cuando usted lo visita. Normalmente contiene informaci\u00f3n sobre el propio sitio web, un identificador \u00fanico que permite al sitio reconocer su navegador web cuando vuelva, datos adicionales que sirven al prop\u00f3sito de la cookie y la vida \u00fatil de la propia cookie.  <\/p>\n<p>Las cookies se utilizan para habilitar determinadas funciones (por ejemplo, el inicio de sesi\u00f3n), realizar un seguimiento del uso del sitio (por ejemplo, an\u00e1lisis), almacenar su configuraci\u00f3n de usuario (por ejemplo, zona horaria, preferencias de notificaci\u00f3n) y personalizar su contenido (por ejemplo, publicidad, idioma).  <\/p>\n<p>Las cookies establecidas por el sitio web que est\u00e1 visitando suelen denominarse cookies de origen. Normalmente s\u00f3lo rastrean su actividad en ese sitio concreto.  <\/p>\n<p>Las cookies establecidas por otros sitios y empresas (es decir, terceros) se denominan cookies de terceros. Pueden utilizarse para seguirle en otros sitios web que utilicen el mismo servicio de terceros.  <\/p>\n<h3>Tipos de cookies y c\u00f3mo las utilizamos<\/h3>\n<h4>Galletas esenciales<\/h4>\n<p>Las cookies esenciales son cruciales para su experiencia en un sitio web, ya que permiten funciones b\u00e1sicas como el inicio de sesi\u00f3n del usuario, la gesti\u00f3n de cuentas, los carros de la compra y el procesamiento de pagos.  <\/p>\n<p>Utilizamos cookies esenciales para permitir ciertas funciones en nuestro sitio web.  <\/p>\n<h4>Cookies de rendimiento<\/h4>\n<p>Las cookies de rendimiento rastrean c\u00f3mo utiliza un sitio web durante su visita. Normalmente, esta informaci\u00f3n es an\u00f3nima y agregada, y se realiza un seguimiento de la informaci\u00f3n de todos los usuarios del sitio. Ayudan a las empresas a comprender los patrones de uso de los visitantes, identificar y diagnosticar problemas o errores que puedan encontrar sus usuarios y tomar mejores decisiones estrat\u00e9gicas para mejorar la experiencia general de su p\u00fablico en el sitio web. Estas cookies pueden ser instaladas por el sitio web que est\u00e1 visitando (de origen) o por servicios de terceros. No recogen informaci\u00f3n personal sobre usted.  <\/p>\n<p>No utilizamos este tipo de cookies en nuestro sitio web.  <\/p>\n<h4>Cookies funcionales<\/h4>\n<p>Las cookies de funcionalidad se utilizan para recopilar informaci\u00f3n sobre su dispositivo y cualquier ajuste que pueda configurar en el sitio web que est\u00e1 visitando (como los ajustes de idioma y zona horaria). Con esta informaci\u00f3n, los sitios web pueden ofrecerle contenidos y servicios personalizados, mejorados u optimizados. Estas cookies pueden ser instaladas por el sitio web que est\u00e1 visitando (de origen) o por servicios de terceros.  <\/p>\n<p>No utilizamos este tipo de cookies en nuestro sitio web.  <\/p>\n<h4>Cookies de segmentaci\u00f3n\/publicidad<\/h4>\n<p>Las cookies de segmentaci\u00f3n\/publicidad ayudan a determinar qu\u00e9 contenido promocional es m\u00e1s relevante y apropiado para usted y sus intereses. Los sitios web pueden utilizarlos para ofrecer publicidad dirigida o limitar el n\u00famero de veces que usted ve un anuncio. Esto ayuda a las empresas a mejorar la eficacia de sus campa\u00f1as y la calidad de los contenidos que le presentan. Estas cookies pueden ser instaladas por el sitio web que est\u00e1 visitando (de origen) o por servicios de terceros. Las cookies de orientaci\u00f3n\/publicidad instaladas por terceros pueden utilizarse para rastrearle en otros sitios web que utilicen el mismo servicio de terceros.  <\/p>\n<p>En nuestro sitio web utilizamos cookies de segmentaci\u00f3n\/publicidad.  <\/p>\n","protected":false},"excerpt":{"rendered":"<p>Pol\u00edtica de cookies Utilizamos cookies para ayudar a mejorar su experiencia en nuestro sitio web https:\/\/www.marinsa.com\/. Esta pol\u00edtica de cookies forma parte de la pol\u00edtica de privacidad de Marinsa International, Inc. Cubre el uso de cookies entre su dispositivo y nuestro sitio. Tambi\u00e9n proporcionamos informaci\u00f3n b\u00e1sica sobre los servicios de terceros que podemos utilizar, que [&hellip;]<\/p>\n","protected":false},"author":2,"featured_media":0,"parent":0,"menu_order":0,"comment_status":"closed","ping_status":"closed","template":"","meta":{"_seopress_robots_primary_cat":"","_seopress_titles_title":"","_seopress_titles_desc":"","_seopress_robots_index":"","footnotes":""},"class_list":["post-2854","page","type-page","status-publish","hentry"],"_links":{"self":[{"href":"https:\/\/www.marinsa.com\/es\/wp-json\/wp\/v2\/pages\/2854","targetHints":{"allow":["GET"]}}],"collection":[{"href":"https:\/\/www.marinsa.com\/es\/wp-json\/wp\/v2\/pages"}],"about":[{"href":"https:\/\/www.marinsa.com\/es\/wp-json\/wp\/v2\/types\/page"}],"author":[{"embeddable":true,"href":"https:\/\/www.marinsa.com\/es\/wp-json\/wp\/v2\/users\/2"}],"replies":[{"embeddable":true,"href":"https:\/\/www.marinsa.com\/es\/wp-json\/wp\/v2\/comments?post=2854"}],"version-history":[{"count":0,"href":"https:\/\/www.marinsa.com\/es\/wp-json\/wp\/v2\/pages\/2854\/revisions"}],"wp:attachment":[{"href":"https:\/\/www.marinsa.com\/es\/wp-json\/wp\/v2\/media?parent=2854"}],"curies":[{"name":"wp","href":"https:\/\/api.w.org\/{rel}","templated":true}]}}